{"id":4069,"date":"2025-02-14T19:51:58","date_gmt":"2025-02-14T18:51:58","guid":{"rendered":"https:\/\/www.ooumm.com\/vases-et-photophores-ooumm-paris\/"},"modified":"2025-02-17T10:49:33","modified_gmt":"2025-02-17T09:49:33","slug":"vases-et-photophores-ooumm-paris","status":"publish","type":"page","link":"https:\/\/www.ooumm.com\/en\/","title":{"rendered":"Vases and candle holders: oOumm Paris"},"content":{"rendered":"<div class=\"wpb-content-wrapper\"><p>[vc_row full_width=&#8221;stretch_row_content&#8221; full_height=&#8221;yes&#8221; css=&#8221;.vc_custom_1739722691330{padding-bottom: 30px !important;}&#8221;][vc_column][vc_row_inner][vc_column_inner width=&#8221;1\/4&#8243;]<div class=\"dt-fancy-separator h3-size style-disabled accent-title-color\" style=\"width: 100%;\"><div class=\"dt-fancy-title\"><span class=\"separator-holder separator-left\"><\/span>Orion<span class=\"separator-holder separator-right\"><\/span><\/div><\/div>[vc_empty_space height=&#8221;10&#8243;][vc_single_image image=&#8221;3861&#8243; img_size=&#8221;full&#8221; alignment=&#8221;center&#8221; onclick=&#8221;custom_link&#8221; css=&#8221;&#8221; image_hovers=&#8221;false&#8221; link=&#8221;https:\/\/www.ooumm.com\/en\/collections\/orion\/&#8221;][\/vc_column_inner][vc_column_inner width=&#8221;1\/4&#8243;]<div class=\"dt-fancy-separator h3-size style-disabled accent-title-color\" style=\"width: 100%;\"><div class=\"dt-fancy-title\"><span class=\"separator-holder separator-left\"><\/span>Orionetta<span class=\"separator-holder separator-right\"><\/span><\/div><\/div>[vc_empty_space height=&#8221;10&#8243;][vc_single_image image=&#8221;3859&#8243; img_size=&#8221;full&#8221; alignment=&#8221;center&#8221; onclick=&#8221;custom_link&#8221; css=&#8221;&#8221; image_hovers=&#8221;false&#8221; link=&#8221;https:\/\/www.ooumm.com\/en\/collections\/orionetta&#8221;][\/vc_column_inner][vc_column_inner width=&#8221;1\/4&#8243;]<div class=\"dt-fancy-separator h3-size style-disabled accent-title-color\" style=\"width: 100%;\"><div class=\"dt-fancy-title\"><span class=\"separator-holder separator-left\"><\/span>Swaddle<span class=\"separator-holder separator-right\"><\/span><\/div><\/div>[vc_empty_space height=&#8221;10&#8243;][vc_single_image image=&#8221;4016&#8243; img_size=&#8221;full&#8221; alignment=&#8221;center&#8221; onclick=&#8221;custom_link&#8221; css=&#8221;&#8221; image_hovers=&#8221;false&#8221; link=&#8221;https:\/\/www.ooumm.com\/en\/collections\/swaddle\/&#8221;][\/vc_column_inner][vc_column_inner width=&#8221;1\/4&#8243;]<div class=\"dt-fancy-separator h3-size style-disabled accent-title-color\" style=\"width: 100%;\"><div class=\"dt-fancy-title\"><span class=\"separator-holder separator-left\"><\/span>Lyra<span class=\"separator-holder separator-right\"><\/span><\/div><\/div>[vc_empty_space height=&#8221;10&#8243;][vc_single_image image=&#8221;3952&#8243; img_size=&#8221;full&#8221; alignment=&#8221;center&#8221; onclick=&#8221;custom_link&#8221; css=&#8221;&#8221; image_hovers=&#8221;false&#8221; link=&#8221;https:\/\/www.ooumm.com\/en\/collections\/lyra\/&#8221;][\/vc_column_inner][\/vc_row_inner][vc_row_inner][vc_column_inner width=&#8221;1\/4&#8243;]<div class=\"dt-fancy-separator h3-size style-disabled accent-title-color\" style=\"width: 100%;\"><div class=\"dt-fancy-title\"><span class=\"separator-holder separator-left\"><\/span>Toucana<span class=\"separator-holder separator-right\"><\/span><\/div><\/div>[vc_empty_space height=&#8221;10&#8243;][vc_single_image image=&#8221;3865&#8243; img_size=&#8221;full&#8221; alignment=&#8221;center&#8221; onclick=&#8221;custom_link&#8221; css=&#8221;&#8221; image_hovers=&#8221;false&#8221; link=&#8221;https:\/\/www.ooumm.com\/en\/collections\/toucana\/&#8221;][\/vc_column_inner][vc_column_inner width=&#8221;1\/4&#8243;]<div class=\"dt-fancy-separator h3-size style-disabled accent-title-color\" style=\"width: 100%;\"><div class=\"dt-fancy-title\"><span class=\"separator-holder separator-left\"><\/span>Cetus<span class=\"separator-holder separator-right\"><\/span><\/div><\/div>[vc_empty_space height=&#8221;10&#8243;][vc_single_image image=&#8221;3851&#8243; img_size=&#8221;full&#8221; alignment=&#8221;center&#8221; onclick=&#8221;custom_link&#8221; css=&#8221;&#8221; image_hovers=&#8221;false&#8221; link=&#8221;https:\/\/www.ooumm.com\/en\/collections\/cetus\/&#8221;][\/vc_column_inner][vc_column_inner width=&#8221;1\/4&#8243;]<div class=\"dt-fancy-separator h3-size style-disabled accent-title-color\" style=\"width: 100%;\"><div class=\"dt-fancy-title\"><span class=\"separator-holder separator-left\"><\/span>Gamma<span class=\"separator-holder separator-right\"><\/span><\/div><\/div>[vc_empty_space height=&#8221;10&#8243;][vc_single_image image=&#8221;3855&#8243; img_size=&#8221;full&#8221; alignment=&#8221;center&#8221; onclick=&#8221;custom_link&#8221; css=&#8221;&#8221; image_hovers=&#8221;false&#8221; link=&#8221;https:\/\/www.ooumm.com\/en\/collections\/gamma\/&#8221;][\/vc_column_inner][vc_column_inner width=&#8221;1\/4&#8243;]<div class=\"dt-fancy-separator h3-size style-disabled accent-title-color\" style=\"width: 100%;\"><div class=\"dt-fancy-title\"><span class=\"separator-holder separator-left\"><\/span>Dial<span class=\"separator-holder separator-right\"><\/span><\/div><\/div>[vc_empty_space height=&#8221;10&#8243;][vc_single_image image=&#8221;3853&#8243; img_size=&#8221;full&#8221; alignment=&#8221;center&#8221; onclick=&#8221;custom_link&#8221; css=&#8221;&#8221; image_hovers=&#8221;false&#8221; link=&#8221;https:\/\/www.ooumm.com\/en\/collections\/dial\/&#8221;][\/vc_column_inner][\/vc_row_inner][vc_row_inner][vc_column_inner width=&#8221;1\/4&#8243;][\/vc_column_inner][vc_column_inner width=&#8221;1\/4&#8243;]<div class=\"dt-fancy-separator h3-size style-disabled accent-title-color\" style=\"width: 100%;\"><div class=\"dt-fancy-title\"><span class=\"separator-holder separator-left\"><\/span>Vega<span class=\"separator-holder separator-right\"><\/span><\/div><\/div>[vc_empty_space height=&#8221;10&#8243;][vc_single_image image=&#8221;3912&#8243; img_size=&#8221;full&#8221; alignment=&#8221;center&#8221; onclick=&#8221;custom_link&#8221; css=&#8221;&#8221; image_hovers=&#8221;false&#8221; link=&#8221;https:\/\/www.ooumm.com\/en\/collections\/vega\/&#8221;][\/vc_column_inner][vc_column_inner width=&#8221;1\/4&#8243;]<div class=\"dt-fancy-separator h3-size style-disabled accent-title-color\" style=\"width: 100%;\"><div class=\"dt-fancy-title\"><span class=\"separator-holder separator-left\"><\/span>Rigel<span class=\"separator-holder separator-right\"><\/span><\/div><\/div>[vc_empty_space height=&#8221;10&#8243;][vc_single_image image=&#8221;4159&#8243; img_size=&#8221;full&#8221; alignment=&#8221;center&#8221; onclick=&#8221;custom_link&#8221; css=&#8221;&#8221; image_hovers=&#8221;false&#8221; link=&#8221;https:\/\/www.ooumm.com\/en\/collections\/rigel\/&#8221;][\/vc_column_inner][vc_column_inner width=&#8221;1\/4&#8243;][\/vc_column_inner][\/vc_row_inner][\/vc_column][\/vc_row][vc_row full_width=&#8221;stretch_row_content&#8221; css=&#8221;.vc_custom_1739722523175{background-color: #EAEAEA !important;}&#8221;][vc_column css=&#8221;.vc_custom_1739722557249{padding-top: 30px !important;padding-bottom: 30px !important;}&#8221;][vc_empty_space]<div class=\"dt-fancy-separator h3-size style-disabled\" style=\"width: 100%;\"><div class=\"dt-fancy-title\" style=\"color: #000000;\"><span class=\"separator-holder separator-left\"><\/span>OUR NEW COLLECTION IN CERAMIC<span class=\"separator-holder separator-right\"><\/span><\/div><\/div>[vc_empty_space height=&#8221;60&#8243;][vc_row_inner][vc_column_inner width=&#8221;1\/4&#8243;][\/vc_column_inner][vc_column_inner width=&#8221;1\/4&#8243;]<div class=\"dt-fancy-separator h3-size style-disabled accent-title-color\" style=\"width: 100%;\"><div class=\"dt-fancy-title\"><span class=\"separator-holder separator-left\"><\/span>Orionetta Ebony<span class=\"separator-holder separator-right\"><\/span><\/div><\/div>[vc_empty_space height=&#8221;10&#8243;][vc_single_image image=&#8221;3958&#8243; img_size=&#8221;full&#8221; alignment=&#8221;center&#8221; onclick=&#8221;custom_link&#8221; css=&#8221;&#8221; image_hovers=&#8221;false&#8221; link=&#8221;https:\/\/www.ooumm.com\/en\/collections\/orionetta-ceramique&#8221;][\/vc_column_inner][vc_column_inner width=&#8221;1\/4&#8243;]<div class=\"dt-fancy-separator h3-size style-disabled accent-title-color\" style=\"width: 100%;\"><div class=\"dt-fancy-title\"><span class=\"separator-holder separator-left\"><\/span>Orionetta \u00c9caille<span class=\"separator-holder separator-right\"><\/span><\/div><\/div>[vc_empty_space height=&#8221;10&#8243;][vc_single_image image=&#8221;3960&#8243; img_size=&#8221;full&#8221; alignment=&#8221;center&#8221; onclick=&#8221;custom_link&#8221; css=&#8221;&#8221; image_hovers=&#8221;false&#8221; link=&#8221;https:\/\/www.ooumm.com\/en\/collections\/orionetta-ceramique&#8221;][\/vc_column_inner][vc_column_inner width=&#8221;1\/4&#8243;][\/vc_column_inner][\/vc_row_inner][\/vc_column][\/vc_row][vc_row full_width=&#8221;stretch_row&#8221; css=&#8221;.vc_custom_1739722478841{padding-top: 20px !important;padding-bottom: 50px !important;}&#8221;][vc_column]<div class=\"dt-fancy-separator h3-size style-disabled\" style=\"width: 100%;\"><div class=\"dt-fancy-title\" style=\"color: #000000;\"><span class=\"separator-holder separator-left\"><\/span>VASES AND CANDLE HOLDERS<span class=\"separator-holder separator-right\"><\/span><\/div><\/div>[vc_empty_space][vc_column_text css=&#8221;&#8221;]<\/p>\n<h4 style=\"text-align: center;\">Vases, photophores, bougies et accessoires d&#8217;int\u00e9rieur.<br \/>\nCr\u00e9\u00e9s sur mesure par des designers de renom, nous cr\u00e9ons des photophores et accessoires d&#8217;int\u00e9rieur avec des mat\u00e9riaux de tr\u00e8s grande qualit\u00e9, en marbre ou en c\u00e9ramique. Composez votre objet oOumm sur mesure: choisissez le mod\u00e8le, s\u00e9lectionnez le mat\u00e9riau et ajoutez votre option: bougie ou vase. Con\u00e7us pour \u00eatre aussi expos\u00e9s aussi bien dans votre int\u00e9rieur qu&#8217;\u00e0 l&#8217;ext\u00e9rieur, les cr\u00e9ations oOumm allient finesse et qualit\u00e9. D\u00e9couvrez toutes nos cr\u00e9ations vases et photophores.<\/h4>\n<p>[\/vc_column_text]<style type=\"text\/css\" data-type=\"the7_shortcodes-inline-css\">#default-btn-1527e68c1c48a2c501f3162a31e82c4c.ico-right-side > i {\n  margin-right: 0px;\n  margin-left: 8px;\n}\n#default-btn-1527e68c1c48a2c501f3162a31e82c4c > i {\n  margin-right: 8px;\n}\n<\/style><div class=\"btn-align-center\"><a href=\"https:\/\/www.ooumm.com\/collections\/\" class=\"default-btn-shortcode dt-btn dt-btn-l link-hover-off \" id=\"default-btn-1527e68c1c48a2c501f3162a31e82c4c\" style=\"width:300px;\" title=\"Collections\"><span>OUR CREATIONS<\/span><\/a><\/div>[\/vc_column][\/vc_row][vc_row full_width=&#8221;stretch_row_content&#8221; css=&#8221;.vc_custom_1739747642032{margin-top: 50px !important;margin-bottom: -70px !important;padding-bottom: 50px !important;background-color: #EAEAEA !important;}&#8221;][vc_column][vc_empty_space]<div class=\"dt-fancy-separator h3-size style-disabled\" style=\"width: 100%;\"><div class=\"dt-fancy-title\" style=\"color: #000000;\"><span class=\"separator-holder separator-left\"><\/span>CANDLES AND ACCESSORIES FOR OUR VASES<span class=\"separator-holder separator-right\"><\/span><\/div><\/div>[vc_empty_space height=&#8221;50&#8243;][vc_row_inner][vc_column_inner width=&#8221;1\/5&#8243;][\/vc_column_inner][vc_column_inner width=&#8221;1\/5&#8243;][vc_single_image image=&#8221;2616&#8243; img_size=&#8221;full&#8221; alignment=&#8221;center&#8221; onclick=&#8221;custom_link&#8221; css=&#8221;&#8221; image_hovers=&#8221;false&#8221; link=&#8221;https:\/\/www.ooumm.com\/en\/produit\/bougie-helios-parfum-16-tauri\/&#8221;]<div class=\"dt-fancy-separator h4-size style-disabled\" style=\"width: 100%;\"><div class=\"dt-fancy-title\" style=\"color: #000000;\"><span class=\"separator-holder separator-left\"><\/span>Bougie Helios - parfum 16 Tauri<span class=\"separator-holder separator-right\"><\/span><\/div><\/div>[\/vc_column_inner][vc_column_inner width=&#8221;1\/5&#8243;][vc_single_image image=&#8221;2616&#8243; img_size=&#8221;full&#8221; alignment=&#8221;center&#8221; onclick=&#8221;custom_link&#8221; css=&#8221;&#8221; image_hovers=&#8221;false&#8221; link=&#8221;https:\/\/www.ooumm.com\/en\/produit\/bougie-helios-parfum-erakis\/&#8221;]<div class=\"dt-fancy-separator h4-size style-disabled\" style=\"width: 100%;\"><div class=\"dt-fancy-title\" style=\"color: #000000;\"><span class=\"separator-holder separator-left\"><\/span>Bougie Helios - parfum Erakis<span class=\"separator-holder separator-right\"><\/span><\/div><\/div>[\/vc_column_inner][vc_column_inner width=&#8221;1\/5&#8243;][vc_single_image image=&#8221;2616&#8243; img_size=&#8221;full&#8221; alignment=&#8221;center&#8221; onclick=&#8221;custom_link&#8221; css=&#8221;&#8221; image_hovers=&#8221;false&#8221; link=&#8221;https:\/\/www.ooumm.com\/en\/produit\/bougie-helios-parfum-oud-amara\/&#8221;]<div class=\"dt-fancy-separator h4-size style-disabled\" style=\"width: 100%;\"><div class=\"dt-fancy-title\" style=\"color: #000000;\"><span class=\"separator-holder separator-left\"><\/span>Bougie Helios - parfum Oud Amara<span class=\"separator-holder separator-right\"><\/span><\/div><\/div>[\/vc_column_inner][vc_column_inner width=&#8221;1\/5&#8243;][\/vc_column_inner][\/vc_row_inner][vc_empty_space height=&#8221;50&#8243;][vc_row_inner][vc_column_inner width=&#8221;1\/5&#8243;][\/vc_column_inner][vc_column_inner width=&#8221;1\/5&#8243;][vc_single_image image=&#8221;2770&#8243; img_size=&#8221;full&#8221; alignment=&#8221;center&#8221; onclick=&#8221;custom_link&#8221; css=&#8221;&#8221; image_hovers=&#8221;false&#8221; link=&#8221;https:\/\/www.ooumm.com\/en\/produit\/bougie-helios-sans-parfum\/&#8221;]<div class=\"dt-fancy-separator h4-size style-disabled\" style=\"width: 100%;\"><div class=\"dt-fancy-title\" style=\"color: #000000;\"><span class=\"separator-holder separator-left\"><\/span>Bougie Helios - sans parfum<span class=\"separator-holder separator-right\"><\/span><\/div><\/div>[\/vc_column_inner][vc_column_inner width=&#8221;1\/5&#8243;][\/vc_column_inner][vc_column_inner width=&#8221;1\/5&#8243;][vc_single_image image=&#8221;2618&#8243; img_size=&#8221;full&#8221; alignment=&#8221;center&#8221; onclick=&#8221;custom_link&#8221; css=&#8221;&#8221; image_hovers=&#8221;false&#8221; link=&#8221;https:\/\/www.ooumm.com\/en\/produit\/vase-pisces\/&#8221;]<div class=\"dt-fancy-separator h4-size style-disabled\" style=\"width: 100%;\"><div class=\"dt-fancy-title\" style=\"color: #000000;\"><span class=\"separator-holder separator-left\"><\/span>Vase Piscis<span class=\"separator-holder separator-right\"><\/span><\/div><\/div>[\/vc_column_inner][vc_column_inner width=&#8221;1\/5&#8243;][\/vc_column_inner][\/vc_row_inner][vc_empty_space][\/vc_column][\/vc_row][vc_row full_width=&#8221;stretch_row_content&#8221; disable_element=&#8221;yes&#8221; css=&#8221;.vc_custom_1739744989431{margin-bottom: -70px !important;}&#8221;][vc_column css=&#8221;.vc_custom_1739564224311{padding-top: 250px !important;padding-bottom: 250px !important;background-image: url(https:\/\/www.ooumm.com\/wp-content\/uploads\/2025\/02\/vinyl-vertical-grey-stone-wallpaper-1920&#215;1080-1.jpg?id=3499) !important;background-position: center !important;background-repeat: no-repeat !important;background-size: cover !important;}&#8221;]<div class=\"dt-fancy-separator h1-size style-disabled\" style=\"width: 100%;\"><div class=\"dt-fancy-title\" style=\"color: #FFFFFF;\"><span class=\"separator-holder separator-left\"><\/span>D\u00e9couvrez notre savoir-faire<span class=\"separator-holder separator-right\"><\/span><\/div><\/div><div class=\"dt-fancy-separator h3-size style-disabled\" style=\"width: 100%;\"><div class=\"dt-fancy-title\" style=\"color: #FFFFFF;\"><span class=\"separator-holder separator-left\"><\/span>Mat\u00e9riaux, design et conception<span class=\"separator-holder separator-right\"><\/span><\/div><\/div>[\/vc_column][\/vc_row]<\/p>\n<\/div>","protected":false},"excerpt":{"rendered":"<p>[vc_row full_width=&#8221;stretch_row_content&#8221; full_height=&#8221;yes&#8221; css=&#8221;.vc_custom_1739722691330{padding-bottom: 30px !important;}&#8221;][vc_column][vc_row_inner][vc_column_inner width=&#8221;1\/4&#8243;][vc_empty_space height=&#8221;10&#8243;][vc_single_image image=&#8221;3861&#8243; img_size=&#8221;full&#8221; alignment=&#8221;center&#8221; onclick=&#8221;custom_link&#8221; css=&#8221;&#8221; image_hovers=&#8221;false&#8221; link=&#8221;https:\/\/www.ooumm.com\/en\/collections\/orion\/&#8221;][\/vc_column_inner][vc_column_inner width=&#8221;1\/4&#8243;][vc_empty_space height=&#8221;10&#8243;][vc_single_image image=&#8221;3859&#8243; img_size=&#8221;full&#8221; alignment=&#8221;center&#8221; onclick=&#8221;custom_link&#8221; css=&#8221;&#8221; image_hovers=&#8221;false&#8221; link=&#8221;https:\/\/www.ooumm.com\/en\/collections\/orionetta&#8221;][\/vc_column_inner][vc_column_inner width=&#8221;1\/4&#8243;][vc_empty_space height=&#8221;10&#8243;][vc_single_image image=&#8221;4016&#8243; img_size=&#8221;full&#8221; alignment=&#8221;center&#8221; onclick=&#8221;custom_link&#8221; css=&#8221;&#8221; image_hovers=&#8221;false&#8221; link=&#8221;https:\/\/www.ooumm.com\/en\/collections\/swaddle\/&#8221;][\/vc_column_inner][vc_column_inner width=&#8221;1\/4&#8243;][vc_empty_space height=&#8221;10&#8243;][vc_single_image image=&#8221;3952&#8243; img_size=&#8221;full&#8221; alignment=&#8221;center&#8221; onclick=&#8221;custom_link&#8221; css=&#8221;&#8221; image_hovers=&#8221;false&#8221; link=&#8221;https:\/\/www.ooumm.com\/en\/collections\/lyra\/&#8221;][\/vc_column_inner][\/vc_row_inner][vc_row_inner][vc_column_inner width=&#8221;1\/4&#8243;][vc_empty_space height=&#8221;10&#8243;][vc_single_image image=&#8221;3865&#8243; img_size=&#8221;full&#8221; alignment=&#8221;center&#8221; onclick=&#8221;custom_link&#8221; css=&#8221;&#8221; image_hovers=&#8221;false&#8221; link=&#8221;https:\/\/www.ooumm.com\/en\/collections\/toucana\/&#8221;][\/vc_column_inner][vc_column_inner width=&#8221;1\/4&#8243;][vc_empty_space height=&#8221;10&#8243;][vc_single_image image=&#8221;3851&#8243; img_size=&#8221;full&#8221;&hellip;<\/p>\n","protected":false},"author":2,"featured_media":0,"parent":0,"menu_order":0,"comment_status":"closed","ping_status":"closed","template":"","meta":{"_acf_changed":false,"footnotes":""},"class_list":["post-4069","page","type-page","status-publish","hentry","description-off"],"acf":[],"yoast_head":"<!-- This site is optimized with the Yoast SEO plugin v24.4 - https:\/\/yoast.com\/wordpress\/plugins\/seo\/ -->\n<title>Vases and candle holders: oOumm Paris - oOumm<\/title>\n<meta name=\"description\" content=\"Ooumm Paris : cr\u00e9ation de parfums d\u2019int\u00e9rieur, bougies, vases, photophore, objets d\u00e9co, produits d\u2019int\u00e9rieur et art de la table.\" \/>\n<meta name=\"robots\" content=\"index, follow, max-snippet:-1, max-image-preview:large, max-video-preview:-1\" \/>\n<link rel=\"canonical\" href=\"https:\/\/www.ooumm.com\/en\/\" \/>\n<meta property=\"og:locale\" content=\"en_US\" \/>\n<meta property=\"og:type\" content=\"article\" \/>\n<meta property=\"og:title\" content=\"Vases and candle holders: oOumm Paris - oOumm\" \/>\n<meta property=\"og:description\" content=\"Ooumm Paris : cr\u00e9ation de parfums d\u2019int\u00e9rieur, bougies, vases, photophore, objets d\u00e9co, produits d\u2019int\u00e9rieur et art de la table.\" \/>\n<meta property=\"og:url\" content=\"https:\/\/www.ooumm.com\/en\/\" \/>\n<meta property=\"og:site_name\" content=\"oOumm\" \/>\n<meta property=\"article:modified_time\" content=\"2025-02-17T09:49:33+00:00\" \/>\n<meta name=\"twitter:card\" content=\"summary_large_image\" \/>\n<meta name=\"twitter:label1\" content=\"Est. reading time\" \/>\n\t<meta name=\"twitter:data1\" content=\"3 minutes\" \/>\n<script type=\"application\/ld+json\" class=\"yoast-schema-graph\">{\"@context\":\"https:\/\/schema.org\",\"@graph\":[{\"@type\":\"WebPage\",\"@id\":\"https:\/\/www.ooumm.com\/en\/\",\"url\":\"https:\/\/www.ooumm.com\/en\/\",\"name\":\"Vases and candle holders: oOumm Paris - oOumm\",\"isPartOf\":{\"@id\":\"https:\/\/www.ooumm.com\/en\/#website\"},\"datePublished\":\"2025-02-14T18:51:58+00:00\",\"dateModified\":\"2025-02-17T09:49:33+00:00\",\"description\":\"Ooumm Paris : cr\u00e9ation de parfums d\u2019int\u00e9rieur, bougies, vases, photophore, objets d\u00e9co, produits d\u2019int\u00e9rieur et art de la table.\",\"breadcrumb\":{\"@id\":\"https:\/\/www.ooumm.com\/en\/#breadcrumb\"},\"inLanguage\":\"en-US\",\"potentialAction\":[{\"@type\":\"ReadAction\",\"target\":[\"https:\/\/www.ooumm.com\/en\/\"]}]},{\"@type\":\"BreadcrumbList\",\"@id\":\"https:\/\/www.ooumm.com\/en\/#breadcrumb\",\"itemListElement\":[{\"@type\":\"ListItem\",\"position\":1,\"name\":\"Accueil\",\"item\":\"https:\/\/www.ooumm.com\/en\/\"},{\"@type\":\"ListItem\",\"position\":2,\"name\":\"Vases and candle holders: oOumm Paris\"}]},{\"@type\":\"WebSite\",\"@id\":\"https:\/\/www.ooumm.com\/en\/#website\",\"url\":\"https:\/\/www.ooumm.com\/en\/\",\"name\":\"oOumm Paris\",\"description\":\"\",\"publisher\":{\"@id\":\"https:\/\/www.ooumm.com\/en\/#organization\"},\"potentialAction\":[{\"@type\":\"SearchAction\",\"target\":{\"@type\":\"EntryPoint\",\"urlTemplate\":\"https:\/\/www.ooumm.com\/en\/?s={search_term_string}\"},\"query-input\":{\"@type\":\"PropertyValueSpecification\",\"valueRequired\":true,\"valueName\":\"search_term_string\"}}],\"inLanguage\":\"en-US\"},{\"@type\":\"Organization\",\"@id\":\"https:\/\/www.ooumm.com\/en\/#organization\",\"name\":\"oOumm\",\"url\":\"https:\/\/www.ooumm.com\/en\/\",\"logo\":{\"@type\":\"ImageObject\",\"inLanguage\":\"en-US\",\"@id\":\"https:\/\/www.ooumm.com\/en\/#\/schema\/logo\/image\/\",\"url\":\"https:\/\/www.ooumm.com\/wp-content\/uploads\/2025\/02\/logo-ooumm-2025-2.png\",\"contentUrl\":\"https:\/\/www.ooumm.com\/wp-content\/uploads\/2025\/02\/logo-ooumm-2025-2.png\",\"width\":191,\"height\":91,\"caption\":\"oOumm\"},\"image\":{\"@id\":\"https:\/\/www.ooumm.com\/en\/#\/schema\/logo\/image\/\"},\"sameAs\":[\"https:\/\/www.instagram.com\/ooummparis\/\",\"https:\/\/fr.pinterest.com\/ooumm_paris\/\"]}]}<\/script>\n<!-- \/ Yoast SEO plugin. -->","yoast_head_json":{"title":"Vases and candle holders: oOumm Paris - oOumm","description":"Ooumm Paris : cr\u00e9ation de parfums d\u2019int\u00e9rieur, bougies, vases, photophore, objets d\u00e9co, produits d\u2019int\u00e9rieur et art de la table.","robots":{"index":"index","follow":"follow","max-snippet":"max-snippet:-1","max-image-preview":"max-image-preview:large","max-video-preview":"max-video-preview:-1"},"canonical":"https:\/\/www.ooumm.com\/en\/","og_locale":"en_US","og_type":"article","og_title":"Vases and candle holders: oOumm Paris - oOumm","og_description":"Ooumm Paris : cr\u00e9ation de parfums d\u2019int\u00e9rieur, bougies, vases, photophore, objets d\u00e9co, produits d\u2019int\u00e9rieur et art de la table.","og_url":"https:\/\/www.ooumm.com\/en\/","og_site_name":"oOumm","article_modified_time":"2025-02-17T09:49:33+00:00","twitter_card":"summary_large_image","twitter_misc":{"Est. reading time":"3 minutes"},"schema":{"@context":"https:\/\/schema.org","@graph":[{"@type":"WebPage","@id":"https:\/\/www.ooumm.com\/en\/","url":"https:\/\/www.ooumm.com\/en\/","name":"Vases and candle holders: oOumm Paris - oOumm","isPartOf":{"@id":"https:\/\/www.ooumm.com\/en\/#website"},"datePublished":"2025-02-14T18:51:58+00:00","dateModified":"2025-02-17T09:49:33+00:00","description":"Ooumm Paris : cr\u00e9ation de parfums d\u2019int\u00e9rieur, bougies, vases, photophore, objets d\u00e9co, produits d\u2019int\u00e9rieur et art de la table.","breadcrumb":{"@id":"https:\/\/www.ooumm.com\/en\/#breadcrumb"},"inLanguage":"en-US","potentialAction":[{"@type":"ReadAction","target":["https:\/\/www.ooumm.com\/en\/"]}]},{"@type":"BreadcrumbList","@id":"https:\/\/www.ooumm.com\/en\/#breadcrumb","itemListElement":[{"@type":"ListItem","position":1,"name":"Accueil","item":"https:\/\/www.ooumm.com\/en\/"},{"@type":"ListItem","position":2,"name":"Vases and candle holders: oOumm Paris"}]},{"@type":"WebSite","@id":"https:\/\/www.ooumm.com\/en\/#website","url":"https:\/\/www.ooumm.com\/en\/","name":"oOumm Paris","description":"","publisher":{"@id":"https:\/\/www.ooumm.com\/en\/#organization"},"potentialAction":[{"@type":"SearchAction","target":{"@type":"EntryPoint","urlTemplate":"https:\/\/www.ooumm.com\/en\/?s={search_term_string}"},"query-input":{"@type":"PropertyValueSpecification","valueRequired":true,"valueName":"search_term_string"}}],"inLanguage":"en-US"},{"@type":"Organization","@id":"https:\/\/www.ooumm.com\/en\/#organization","name":"oOumm","url":"https:\/\/www.ooumm.com\/en\/","logo":{"@type":"ImageObject","inLanguage":"en-US","@id":"https:\/\/www.ooumm.com\/en\/#\/schema\/logo\/image\/","url":"https:\/\/www.ooumm.com\/wp-content\/uploads\/2025\/02\/logo-ooumm-2025-2.png","contentUrl":"https:\/\/www.ooumm.com\/wp-content\/uploads\/2025\/02\/logo-ooumm-2025-2.png","width":191,"height":91,"caption":"oOumm"},"image":{"@id":"https:\/\/www.ooumm.com\/en\/#\/schema\/logo\/image\/"},"sameAs":["https:\/\/www.instagram.com\/ooummparis\/","https:\/\/fr.pinterest.com\/ooumm_paris\/"]}]}},"_links":{"self":[{"href":"https:\/\/www.ooumm.com\/en\/wp-json\/wp\/v2\/pages\/4069","targetHints":{"allow":["GET"]}}],"collection":[{"href":"https:\/\/www.ooumm.com\/en\/wp-json\/wp\/v2\/pages"}],"about":[{"href":"https:\/\/www.ooumm.com\/en\/wp-json\/wp\/v2\/types\/page"}],"author":[{"embeddable":true,"href":"https:\/\/www.ooumm.com\/en\/wp-json\/wp\/v2\/users\/2"}],"replies":[{"embeddable":true,"href":"https:\/\/www.ooumm.com\/en\/wp-json\/wp\/v2\/comments?post=4069"}],"version-history":[{"count":6,"href":"https:\/\/www.ooumm.com\/en\/wp-json\/wp\/v2\/pages\/4069\/revisions"}],"predecessor-version":[{"id":4161,"href":"https:\/\/www.ooumm.com\/en\/wp-json\/wp\/v2\/pages\/4069\/revisions\/4161"}],"wp:attachment":[{"href":"https:\/\/www.ooumm.com\/en\/wp-json\/wp\/v2\/media?parent=4069"}],"curies":[{"name":"wp","href":"https:\/\/api.w.org\/{rel}","templated":true}]}}