{"id":3122,"date":"2025-01-24T08:18:41","date_gmt":"2025-01-24T07:18:41","guid":{"rendered":"https:\/\/www.ooumm.com\/produit\/pisces-vase\/"},"modified":"2025-02-04T17:31:38","modified_gmt":"2025-02-04T16:31:38","slug":"pisces-vase","status":"publish","type":"product","link":"https:\/\/www.ooumm.com\/en\/collections\/pisces-vase\/","title":{"rendered":"Pisces Vase"},"content":{"rendered":"<p>Vase<\/p>\n","protected":false},"excerpt":{"rendered":"<div class=\"woocommerce-product-details__short-description\">\n<p>What if our candleholders suddenly become elegant and poetic vases? That is the idea behind Pisces. Made to emphasize both marble piece and the flowers, our new container in glass is a simple essential piece that offers a smart versatility to the entire oOumm collection.<\/p>\n<p>Dimensions:<br \/>\nExtra small: \u00d8 100 x H 45 mm<br \/>\nSmall: \u00d8 100 x H 95 mm<br \/>\nMedium: \u00d8 100 x H 145 mm<br \/>\nTall: \u00d8 100 x H 175 mm<\/p>\n<\/div>\n","protected":false},"featured_media":2618,"template":"","meta":{"_acf_changed":false},"product_brand":[],"product_cat":[65],"product_tag":[],"class_list":{"0":"post-3122","1":"product","2":"type-product","3":"status-publish","4":"has-post-thumbnail","6":"product_cat-accessories","7":"description-off","9":"first","10":"instock","11":"taxable","12":"shipping-taxable","13":"purchasable","14":"product-type-simple"},"acf":[],"yoast_head":"<!-- This site is optimized with the Yoast SEO plugin v24.4 - https:\/\/yoast.com\/wordpress\/plugins\/seo\/ -->\n<title>Pisces Vase - oOumm<\/title>\n<meta name=\"robots\" content=\"index, follow, max-snippet:-1, max-image-preview:large, max-video-preview:-1\" \/>\n<link rel=\"canonical\" href=\"https:\/\/www.ooumm.com\/en\/collections\/pisces-vase\/\" \/>\n<meta property=\"og:locale\" content=\"en_US\" \/>\n<meta property=\"og:type\" content=\"article\" \/>\n<meta property=\"og:title\" content=\"Pisces Vase - oOumm\" \/>\n<meta property=\"og:description\" content=\"What if our candleholders suddenly become elegant and poetic vases? That is the idea behind Pisces. Made to emphasize both marble piece and the flowers, our new container in glass is a simple essential piece that offers a smart versatility to the entire oOumm collection.  Dimensions: Extra small: \u00d8 100 x H 45 mm Small: \u00d8 100 x H 95 mm Medium: \u00d8 100 x H 145 mm Tall: \u00d8 100 x H 175 mm\" \/>\n<meta property=\"og:url\" content=\"https:\/\/www.ooumm.com\/en\/collections\/pisces-vase\/\" \/>\n<meta property=\"og:site_name\" content=\"oOumm\" \/>\n<meta property=\"article:modified_time\" content=\"2025-02-04T16:31:38+00:00\" \/>\n<meta property=\"og:image\" content=\"https:\/\/www.ooumm.com\/wp-content\/uploads\/2025\/01\/piscis.jpg\" \/>\n\t<meta property=\"og:image:width\" content=\"1280\" \/>\n\t<meta property=\"og:image:height\" content=\"853\" \/>\n\t<meta property=\"og:image:type\" content=\"image\/jpeg\" \/>\n<meta name=\"twitter:card\" content=\"summary_large_image\" \/>\n<meta name=\"twitter:label1\" content=\"Est. reading time\" \/>\n\t<meta name=\"twitter:data1\" content=\"1 minute\" \/>\n<script type=\"application\/ld+json\" class=\"yoast-schema-graph\">{\"@context\":\"https:\/\/schema.org\",\"@graph\":[{\"@type\":\"WebPage\",\"@id\":\"https:\/\/www.ooumm.com\/en\/collections\/pisces-vase\/\",\"url\":\"https:\/\/www.ooumm.com\/en\/collections\/pisces-vase\/\",\"name\":\"Pisces Vase - oOumm\",\"isPartOf\":{\"@id\":\"https:\/\/www.ooumm.com\/en\/#website\"},\"primaryImageOfPage\":{\"@id\":\"https:\/\/www.ooumm.com\/en\/collections\/pisces-vase\/#primaryimage\"},\"image\":{\"@id\":\"https:\/\/www.ooumm.com\/en\/collections\/pisces-vase\/#primaryimage\"},\"thumbnailUrl\":\"https:\/\/www.ooumm.com\/wp-content\/uploads\/2025\/01\/piscis.jpg\",\"datePublished\":\"2025-01-24T07:18:41+00:00\",\"dateModified\":\"2025-02-04T16:31:38+00:00\",\"breadcrumb\":{\"@id\":\"https:\/\/www.ooumm.com\/en\/collections\/pisces-vase\/#breadcrumb\"},\"inLanguage\":\"en-US\",\"potentialAction\":[{\"@type\":\"ReadAction\",\"target\":[\"https:\/\/www.ooumm.com\/en\/collections\/pisces-vase\/\"]}]},{\"@type\":\"ImageObject\",\"inLanguage\":\"en-US\",\"@id\":\"https:\/\/www.ooumm.com\/en\/collections\/pisces-vase\/#primaryimage\",\"url\":\"https:\/\/www.ooumm.com\/wp-content\/uploads\/2025\/01\/piscis.jpg\",\"contentUrl\":\"https:\/\/www.ooumm.com\/wp-content\/uploads\/2025\/01\/piscis.jpg\",\"width\":1280,\"height\":853,\"caption\":\"Piscis\"},{\"@type\":\"BreadcrumbList\",\"@id\":\"https:\/\/www.ooumm.com\/en\/collections\/pisces-vase\/#breadcrumb\",\"itemListElement\":[{\"@type\":\"ListItem\",\"position\":1,\"name\":\"Accueil\",\"item\":\"https:\/\/www.ooumm.com\/en\/\"},{\"@type\":\"ListItem\",\"position\":2,\"name\":\"Collections\",\"item\":\"https:\/\/www.ooumm.com\/collections\/\"},{\"@type\":\"ListItem\",\"position\":3,\"name\":\"Pisces Vase\"}]},{\"@type\":\"WebSite\",\"@id\":\"https:\/\/www.ooumm.com\/en\/#website\",\"url\":\"https:\/\/www.ooumm.com\/en\/\",\"name\":\"oOumm Paris\",\"description\":\"\",\"publisher\":{\"@id\":\"https:\/\/www.ooumm.com\/en\/#organization\"},\"potentialAction\":[{\"@type\":\"SearchAction\",\"target\":{\"@type\":\"EntryPoint\",\"urlTemplate\":\"https:\/\/www.ooumm.com\/en\/?s={search_term_string}\"},\"query-input\":{\"@type\":\"PropertyValueSpecification\",\"valueRequired\":true,\"valueName\":\"search_term_string\"}}],\"inLanguage\":\"en-US\"},{\"@type\":\"Organization\",\"@id\":\"https:\/\/www.ooumm.com\/en\/#organization\",\"name\":\"oOumm\",\"url\":\"https:\/\/www.ooumm.com\/en\/\",\"logo\":{\"@type\":\"ImageObject\",\"inLanguage\":\"en-US\",\"@id\":\"https:\/\/www.ooumm.com\/en\/#\/schema\/logo\/image\/\",\"url\":\"https:\/\/www.ooumm.com\/wp-content\/uploads\/2025\/02\/logo-ooumm-2025-2.png\",\"contentUrl\":\"https:\/\/www.ooumm.com\/wp-content\/uploads\/2025\/02\/logo-ooumm-2025-2.png\",\"width\":191,\"height\":91,\"caption\":\"oOumm\"},\"image\":{\"@id\":\"https:\/\/www.ooumm.com\/en\/#\/schema\/logo\/image\/\"},\"sameAs\":[\"https:\/\/www.instagram.com\/ooummparis\/\",\"https:\/\/fr.pinterest.com\/ooumm_paris\/\"]}]}<\/script>\n<!-- \/ Yoast SEO plugin. -->","yoast_head_json":{"title":"Pisces Vase - oOumm","robots":{"index":"index","follow":"follow","max-snippet":"max-snippet:-1","max-image-preview":"max-image-preview:large","max-video-preview":"max-video-preview:-1"},"canonical":"https:\/\/www.ooumm.com\/en\/collections\/pisces-vase\/","og_locale":"en_US","og_type":"article","og_title":"Pisces Vase - oOumm","og_description":"What if our candleholders suddenly become elegant and poetic vases? That is the idea behind Pisces. Made to emphasize both marble piece and the flowers, our new container in glass is a simple essential piece that offers a smart versatility to the entire oOumm collection.  Dimensions: Extra small: \u00d8 100 x H 45 mm Small: \u00d8 100 x H 95 mm Medium: \u00d8 100 x H 145 mm Tall: \u00d8 100 x H 175 mm","og_url":"https:\/\/www.ooumm.com\/en\/collections\/pisces-vase\/","og_site_name":"oOumm","article_modified_time":"2025-02-04T16:31:38+00:00","og_image":[{"width":1280,"height":853,"url":"https:\/\/www.ooumm.com\/wp-content\/uploads\/2025\/01\/piscis.jpg","type":"image\/jpeg"}],"twitter_card":"summary_large_image","twitter_misc":{"Est. reading time":"1 minute"},"schema":{"@context":"https:\/\/schema.org","@graph":[{"@type":"WebPage","@id":"https:\/\/www.ooumm.com\/en\/collections\/pisces-vase\/","url":"https:\/\/www.ooumm.com\/en\/collections\/pisces-vase\/","name":"Pisces Vase - oOumm","isPartOf":{"@id":"https:\/\/www.ooumm.com\/en\/#website"},"primaryImageOfPage":{"@id":"https:\/\/www.ooumm.com\/en\/collections\/pisces-vase\/#primaryimage"},"image":{"@id":"https:\/\/www.ooumm.com\/en\/collections\/pisces-vase\/#primaryimage"},"thumbnailUrl":"https:\/\/www.ooumm.com\/wp-content\/uploads\/2025\/01\/piscis.jpg","datePublished":"2025-01-24T07:18:41+00:00","dateModified":"2025-02-04T16:31:38+00:00","breadcrumb":{"@id":"https:\/\/www.ooumm.com\/en\/collections\/pisces-vase\/#breadcrumb"},"inLanguage":"en-US","potentialAction":[{"@type":"ReadAction","target":["https:\/\/www.ooumm.com\/en\/collections\/pisces-vase\/"]}]},{"@type":"ImageObject","inLanguage":"en-US","@id":"https:\/\/www.ooumm.com\/en\/collections\/pisces-vase\/#primaryimage","url":"https:\/\/www.ooumm.com\/wp-content\/uploads\/2025\/01\/piscis.jpg","contentUrl":"https:\/\/www.ooumm.com\/wp-content\/uploads\/2025\/01\/piscis.jpg","width":1280,"height":853,"caption":"Piscis"},{"@type":"BreadcrumbList","@id":"https:\/\/www.ooumm.com\/en\/collections\/pisces-vase\/#breadcrumb","itemListElement":[{"@type":"ListItem","position":1,"name":"Accueil","item":"https:\/\/www.ooumm.com\/en\/"},{"@type":"ListItem","position":2,"name":"Collections","item":"https:\/\/www.ooumm.com\/collections\/"},{"@type":"ListItem","position":3,"name":"Pisces Vase"}]},{"@type":"WebSite","@id":"https:\/\/www.ooumm.com\/en\/#website","url":"https:\/\/www.ooumm.com\/en\/","name":"oOumm Paris","description":"","publisher":{"@id":"https:\/\/www.ooumm.com\/en\/#organization"},"potentialAction":[{"@type":"SearchAction","target":{"@type":"EntryPoint","urlTemplate":"https:\/\/www.ooumm.com\/en\/?s={search_term_string}"},"query-input":{"@type":"PropertyValueSpecification","valueRequired":true,"valueName":"search_term_string"}}],"inLanguage":"en-US"},{"@type":"Organization","@id":"https:\/\/www.ooumm.com\/en\/#organization","name":"oOumm","url":"https:\/\/www.ooumm.com\/en\/","logo":{"@type":"ImageObject","inLanguage":"en-US","@id":"https:\/\/www.ooumm.com\/en\/#\/schema\/logo\/image\/","url":"https:\/\/www.ooumm.com\/wp-content\/uploads\/2025\/02\/logo-ooumm-2025-2.png","contentUrl":"https:\/\/www.ooumm.com\/wp-content\/uploads\/2025\/02\/logo-ooumm-2025-2.png","width":191,"height":91,"caption":"oOumm"},"image":{"@id":"https:\/\/www.ooumm.com\/en\/#\/schema\/logo\/image\/"},"sameAs":["https:\/\/www.instagram.com\/ooummparis\/","https:\/\/fr.pinterest.com\/ooumm_paris\/"]}]}},"_links":{"self":[{"href":"https:\/\/www.ooumm.com\/en\/wp-json\/wp\/v2\/product\/3122","targetHints":{"allow":["GET"]}}],"collection":[{"href":"https:\/\/www.ooumm.com\/en\/wp-json\/wp\/v2\/product"}],"about":[{"href":"https:\/\/www.ooumm.com\/en\/wp-json\/wp\/v2\/types\/product"}],"wp:featuredmedia":[{"embeddable":true,"href":"https:\/\/www.ooumm.com\/en\/wp-json\/wp\/v2\/media\/2618"}],"wp:attachment":[{"href":"https:\/\/www.ooumm.com\/en\/wp-json\/wp\/v2\/media?parent=3122"}],"wp:term":[{"taxonomy":"product_brand","embeddable":true,"href":"https:\/\/www.ooumm.com\/en\/wp-json\/wp\/v2\/product_brand?post=3122"},{"taxonomy":"product_cat","embeddable":true,"href":"https:\/\/www.ooumm.com\/en\/wp-json\/wp\/v2\/product_cat?post=3122"},{"taxonomy":"product_tag","embeddable":true,"href":"https:\/\/www.ooumm.com\/en\/wp-json\/wp\/v2\/product_tag?post=3122"}],"curies":[{"name":"wp","href":"https:\/\/api.w.org\/{rel}","templated":true}]}}